{"id":31,"date":"2025-08-27T10:51:24","date_gmt":"2025-08-27T07:51:24","guid":{"rendered":"https:\/\/biosys.nocves.com.tr\/?page_id=31"},"modified":"2025-12-30T10:30:29","modified_gmt":"2025-12-30T07:30:29","slug":"iletisim","status":"publish","type":"page","link":"https:\/\/biosys.nocves.com.tr\/en\/iletisim\/","title":{"rendered":"Contact"},"content":{"rendered":"<section class=\"l-section wpb_row height_small\"><div class=\"l-section-h i-cf\"><div class=\"g-cols vc_row via_grid cols_1 laptops-cols_inherit tablets-cols_inherit mobiles-cols_1 valign_top type_default stacking_default\"><div class=\"wpb_column vc_column_container\"><div class=\"vc_column-inner\"><h2 class=\"w-text\"><span class=\"w-text-h\"><span class=\"w-text-value\">How can we help you?<\/span><\/span><\/h2><div class=\"w-separator size_small\"><\/div><form class=\"w-form  us-field-style_1 layout_ver show_message_after_sending for_cform us_form_1 validate_by_recaptcha\" action=\"https:\/\/biosys.nocves.com.tr\/en\/en\/wp-json\/wp\/v2\/pages\/31\" method=\"post\" data-trp-original-action=\"https:\/\/biosys.nocves.com.tr\/en\/en\/wp-json\/wp\/v2\/pages\/31\"><div class=\"w-form-h\"><div class=\"w-form-row for_radio required\">\r\n\t\t<div class=\"w-form-row-field\">\r\n\t\t\t\t\t<label>\r\n\t\t\t\t<input type=\"radio\" name=\"us_form_1_radio_1\" data-required=\"true\" aria-required=\"true\" value=\"Konu Se\u00e7iniz\" checked='checked'\/>\r\n\t\t\t\t<span>Select Topic<\/span>\r\n\t\t\t<\/label>\r\n\t\t\t\t\t\t<label>\r\n\t\t\t\t<input type=\"radio\" name=\"us_form_1_radio_1\" data-required=\"true\" aria-required=\"true\" value=\"Demo Talep\"\/>\r\n\t\t\t\t<span>Demo Request<\/span>\r\n\t\t\t<\/label>\r\n\t\t\t\t\t\t<label>\r\n\t\t\t\t<input type=\"radio\" name=\"us_form_1_radio_1\" data-required=\"true\" aria-required=\"true\" value=\"Fiyat Talep Et\"\/>\r\n\t\t\t\t<span>Request Price<\/span>\r\n\t\t\t<\/label>\r\n\t\t\t\t\t\t<label>\r\n\t\t\t\t<input type=\"radio\" name=\"us_form_1_radio_1\" data-required=\"true\" aria-required=\"true\" value=\"Cihaz Ar\u0131za\/Yard\u0131m\"\/>\r\n\t\t\t\t<span>Device Malfunction\/Help<\/span>\r\n\t\t\t<\/label>\r\n\t\t\t\t\t\t<label>\r\n\t\t\t\t<input type=\"radio\" name=\"us_form_1_radio_1\" data-required=\"true\" aria-required=\"true\" value=\"Distrib\u00fct\u00f6rl\u00fck Talep Et\"\/>\r\n\t\t\t\t<span>Request Distributorship<\/span>\r\n\t\t\t<\/label>\r\n\t\t\t\t\t\t<label>\r\n\t\t\t\t<input type=\"radio\" name=\"us_form_1_radio_1\" data-required=\"true\" aria-required=\"true\" value=\"Di\u011fer\"\/>\r\n\t\t\t\t<span>Other<\/span>\r\n\t\t\t<\/label>\r\n\t\t\t\t<\/div>\r\n\t\t<div class=\"w-form-row-state\">Select an option<\/div>\r\n<\/div>\r\n<div class=\"w-form-row for_email has_label required\">\r\n\t\t\t<div class=\"w-form-row-label\">\r\n\t\t\t<span>E-mail *<\/span>\r\n\t\t<\/div>\r\n\t\t<div class=\"w-form-row-field\">\r\n\t\t\t\t\t\t<input aria-label=\"Email\" type=\"email\" name=\"us_form_1_email_1\" value placeholder data-required=\"true\" aria-required=\"true\"\/>\r\n\t\t\t<\/div>\r\n\t\t<div class=\"w-form-row-state\">Please enter a valid email address.<\/div>\r\n<\/div>\r\n<div class=\"w-form-row for_text has_label required cols_2\">\r\n\t\t\t<div class=\"w-form-row-label\">\r\n\t\t\t<span>Name *<\/span>\r\n\t\t<\/div>\r\n\t\t<div class=\"w-form-row-field\">\r\n\t\t\t\t\t\t<input aria-label=\"Name\" type=\"text\" name=\"us_form_1_text_1\" value placeholder data-required=\"true\" aria-required=\"true\"\/>\r\n\t\t\t<\/div>\r\n\t\t<div class=\"w-form-row-state\">Fill out this field<\/div>\r\n<\/div>\r\n<div class=\"w-form-row for_text has_label required cols_2\">\r\n\t\t\t<div class=\"w-form-row-label\">\r\n\t\t\t<span>Surname *<\/span>\r\n\t\t<\/div>\r\n\t\t<div class=\"w-form-row-field\">\r\n\t\t\t\t\t\t<input aria-label=\"Surname\" type=\"text\" name=\"us_form_1_text_2\" value placeholder data-required=\"true\" aria-required=\"true\"\/>\r\n\t\t\t<\/div>\r\n\t\t<div class=\"w-form-row-state\">Fill out this field<\/div>\r\n<\/div>\r\n<div class=\"w-form-row for_textarea has_label required\">\r\n\t\t\t<div class=\"w-form-row-label\">\r\n\t\t\t<span>Subject *<\/span>\r\n\t\t<\/div>\r\n\t\t<div class=\"w-form-row-field\">\r\n\t\t\t\t\t\t<textarea aria-label=\"Subject\" name=\"us_form_1_textarea_1\" placeholder data-required=\"true\" aria-required=\"true\"><\/textarea>\r\n\t\t\t<\/div>\r\n\t\t<div class=\"w-form-row-state\">Fill out this field<\/div>\r\n<\/div>\r\n<div class=\"w-form-row for_agreement required\">\r\n\t\t<div class=\"w-form-row-field\">\r\n\t\t\t\t<label>\r\n\t\t\t<input type=\"checkbox\" value=\"1\" data-required=\"true\" aria-required=\"true\" name=\"us_form_1_agreement_1\"\/>\r\n\t\t\t<span>I have read understood and approve the information text and membership Agreement by subscribing the e-newsletter. I agree to receive electronic commercial messages.<\/span>\r\n\t\t<\/label>\r\n\t\t\t<\/div>\r\n\t\t<div class=\"w-form-row-state\">You need to agree with the terms to proceed<\/div>\r\n<\/div>\r\n<input type=\"hidden\" name=\"action\" value=\"us_ajax_cform\" \/>\r\n<input type=\"hidden\" name=\"post_id\" value=\"0\" \/>\r\n<input type=\"hidden\" name=\"form_index\" value=\"1\" \/>\r\n<div class=\"w-form-row for_submit default_align_none laptops_align_none tablets_align_none mobiles_align_justify\">\r\n\t<button class=\"w-btn  us-btn-style_3\" aria-label=\"Submit\" type=\"submit\">\r\n\t\t<span class=\"g-preloader type_1\"><\/span>\r\n\t\t\t\t<span class=\"w-btn-label\">Submit<\/span>\r\n\t\t\t<\/button>\r\n\t<\/div>\r\n<\/div><div class=\"w-form-message\"><\/div><div class=\"w-form-json hidden\" onclick='return {&quot;ajaxurl&quot;:&quot;https:\\\/\\\/biosys.nocves.com.tr\\\/wp-admin\\\/admin-ajax.php&quot;,&quot;messages&quot;:{&quot;err_empty&quot;:&quot;Fill out this field&quot;,&quot;err_size&quot;:&quot;File size cannot exceed %s MB&quot;,&quot;err_extension&quot;:&quot;%s file type is not allowed&quot;,&quot;err_recaptcha_keys&quot;:&quot;reCAPTCHA keys are incorrect&quot;},&quot;recaptcha_site_key&quot;:&quot;6Leg2swrAAAAAMEPAjBRC3dhm0PcKn-LDq3dfRg3&quot;}'><\/div><input type=\"hidden\" name=\"trp-form-language\" value=\"en\"\/><\/form><\/div><\/div><\/div><\/div><\/section><section class=\"l-section wpb_row height_small\"><div class=\"l-section-h i-cf\"><div class=\"g-cols vc_row via_grid cols_3 laptops-cols_inherit tablets-cols_inherit mobiles-cols_1 valign_top type_default stacking_default\"><div class=\"wpb_column vc_column_container\"><div class=\"vc_column-inner\"><div class=\"w-vwrapper align_none valign_justify\"><div class=\"w-iconbox us_custom_d3d476d4 iconpos_top style_default color_custom align_center no_text no_title\"><div class=\"w-iconbox-icon\" style=\"font-size:4rem;--icon-color:#fa5555;\"><i class=\"fas fa-map-marker-alt\"><\/i><\/div><div class=\"w-iconbox-meta\"><\/div><\/div><div class=\"w-iconbox adres-kart iconpos_top style_default color_primary align_center icontype_img\"><a target=\"_blank\" href=\"https:\/\/maps.app.goo.gl\/9B4jzqg98Y48hbjs5\" class=\"w-iconbox-link\" aria-label=\"Biosys R&amp;D Office\"><div class=\"w-iconbox-icon\" style=\"font-size:15rem;\"><img loading=\"lazy\" decoding=\"async\" width=\"1600\" height=\"593\" src=\"https:\/\/biosys.nocves.com.tr\/wp-content\/uploads\/2025\/12\/rnd_office.webp\" class=\"attachment-full size-full\" alt=\"\" srcset=\"https:\/\/biosys.nocves.com.tr\/wp-content\/uploads\/2025\/12\/rnd_office.webp 1600w, https:\/\/biosys.nocves.com.tr\/wp-content\/uploads\/2025\/12\/rnd_office-300x111.webp 300w, https:\/\/biosys.nocves.com.tr\/wp-content\/uploads\/2025\/12\/rnd_office-1024x380.webp 1024w, https:\/\/biosys.nocves.com.tr\/wp-content\/uploads\/2025\/12\/rnd_office-18x7.webp 18w\" sizes=\"auto, (max-width: 1600px) 100vw, 1600px\" \/><\/div><\/a><div class=\"w-iconbox-meta\"><h4 class=\"w-iconbox-title\" style=\"font-size:1.2rem;\"><a target=\"_blank\" href=\"https:\/\/maps.app.goo.gl\/9B4jzqg98Y48hbjs5\" class=\"w-iconbox-link\" aria-label=\"Biosys R&amp;D Office\">Biosys R&amp;D Office<\/a><\/h4><div class=\"w-iconbox-text\"><p><span>\u00dcniversiteler Mahallesi \u0130hsan Do\u011framac\u0131 Bulvar\u0131 No:23\/C ODT\u00dc Teknokent \u00c7ankaya\/Ankara<\/span><\/p>\n<\/div><\/div><\/div><div class=\"w-iconbox iconpos_top style_default color_primary align_center no_text\"><a href=\"mailto:info@biosyshc.com.tr\" class=\"w-iconbox-link\" aria-label=\"info@biosyshc.com.tr\"><div class=\"w-iconbox-icon\" style=\"font-size:1.8rem;\"><i class=\"fas fa-envelope\"><\/i><\/div><\/a><div class=\"w-iconbox-meta\"><h4 class=\"w-iconbox-title\" style=\"font-size:1rem;\"><a href=\"mailto:info@biosyshc.com.tr\" class=\"w-iconbox-link\" aria-label=\"info@biosyshc.com.tr\">info@biosyshc.com.tr<\/a><\/h4><\/div><\/div><div class=\"w-iconbox iconpos_top style_default color_primary align_center no_text\"><a href=\"tel:444 72 18\" class=\"w-iconbox-link\" aria-label=\"444 72 18\"><div class=\"w-iconbox-icon\" style=\"font-size:1.8rem;\"><i class=\"fas fa-phone-alt\"><\/i><\/div><\/a><div class=\"w-iconbox-meta\"><h4 class=\"w-iconbox-title\" style=\"font-size:1rem;\"><a href=\"tel:444 72 18\" class=\"w-iconbox-link\" aria-label=\"444 72 18\">444 72 18<\/a><\/h4><\/div><\/div><\/div><\/div><\/div><div class=\"wpb_column vc_column_container\"><div class=\"vc_column-inner\"><div class=\"w-vwrapper align_none valign_justify\"><div class=\"w-iconbox us_custom_d3d476d4 iconpos_top style_default color_custom align_center no_text no_title\"><div class=\"w-iconbox-icon\" style=\"font-size:4rem;--icon-color:#fa5555;\"><i class=\"fas fa-map-marker-alt\"><\/i><\/div><div class=\"w-iconbox-meta\"><\/div><\/div><div class=\"w-iconbox adres-kart iconpos_top style_default color_primary align_center icontype_img\"><a target=\"_blank\" href=\"https:\/\/maps.app.goo.gl\/iWLtWHAKPqBZa1Kv8\" class=\"w-iconbox-link\" aria-label=\"Biosys Healthcare\"><div class=\"w-iconbox-icon\" style=\"font-size:15rem;\"><img loading=\"lazy\" decoding=\"async\" width=\"1600\" height=\"593\" src=\"https:\/\/biosys.nocves.com.tr\/wp-content\/uploads\/2025\/12\/gama_office.webp\" class=\"attachment-full size-full\" alt=\"\" srcset=\"https:\/\/biosys.nocves.com.tr\/wp-content\/uploads\/2025\/12\/gama_office.webp 1600w, https:\/\/biosys.nocves.com.tr\/wp-content\/uploads\/2025\/12\/gama_office-300x111.webp 300w, https:\/\/biosys.nocves.com.tr\/wp-content\/uploads\/2025\/12\/gama_office-1024x380.webp 1024w, https:\/\/biosys.nocves.com.tr\/wp-content\/uploads\/2025\/12\/gama_office-18x7.webp 18w\" sizes=\"auto, (max-width: 1600px) 100vw, 1600px\" \/><\/div><\/a><div class=\"w-iconbox-meta\"><h4 class=\"w-iconbox-title\" style=\"font-size:1.2rem;\"><a target=\"_blank\" href=\"https:\/\/maps.app.goo.gl\/iWLtWHAKPqBZa1Kv8\" class=\"w-iconbox-link\" aria-label=\"Biosys Healthcare\">Biosys Healthcare<\/a><\/h4><div class=\"w-iconbox-text\"><p><span>GAMA Binas\u0131, Nergiz Sokak No: 9, Kat: 10 Be\u015ftepe, Yenimahalle\/Ankara<\/span><\/p>\n<\/div><\/div><\/div><div class=\"w-iconbox iconpos_top style_default color_primary align_center no_text\"><a href=\"mailto:info@biosyshc.com.tr\" class=\"w-iconbox-link\" aria-label=\"info@biosyshc.com.tr\"><div class=\"w-iconbox-icon\" style=\"font-size:1.8rem;\"><i class=\"fas fa-envelope\"><\/i><\/div><\/a><div class=\"w-iconbox-meta\"><h4 class=\"w-iconbox-title\" style=\"font-size:1rem;\"><a href=\"mailto:info@biosyshc.com.tr\" class=\"w-iconbox-link\" aria-label=\"info@biosyshc.com.tr\">info@biosyshc.com.tr<\/a><\/h4><\/div><\/div><div class=\"w-iconbox iconpos_top style_default color_primary align_center no_text\"><a href=\"tel:444 72 18\" class=\"w-iconbox-link\" aria-label=\"444 72 18\"><div class=\"w-iconbox-icon\" style=\"font-size:1.8rem;\"><i class=\"fas fa-phone-alt\"><\/i><\/div><\/a><div class=\"w-iconbox-meta\"><h4 class=\"w-iconbox-title\" style=\"font-size:1rem;\"><a href=\"tel:444 72 18\" class=\"w-iconbox-link\" aria-label=\"444 72 18\">444 72 18<\/a><\/h4><\/div><\/div><\/div><\/div><\/div><div class=\"wpb_column vc_column_container\"><div class=\"vc_column-inner\"><div class=\"w-vwrapper align_none valign_justify\"><div class=\"w-iconbox us_custom_d3d476d4 iconpos_top style_default color_custom align_center no_text no_title\"><div class=\"w-iconbox-icon\" style=\"font-size:4rem;--icon-color:#fa5555;\"><i class=\"fas fa-map-marker-alt\"><\/i><\/div><div class=\"w-iconbox-meta\"><\/div><\/div><div class=\"w-iconbox adres-kart iconpos_top style_default color_primary align_center icontype_img\"><a target=\"_blank\" href=\"https:\/\/maps.app.goo.gl\/2LRdrRowDAMqPwRP8\" class=\"w-iconbox-link\" aria-label=\"Biosys Manufacturing Plant\"><div class=\"w-iconbox-icon\" style=\"font-size:15rem;\"><img loading=\"lazy\" decoding=\"async\" width=\"1600\" height=\"593\" src=\"https:\/\/biosys.nocves.com.tr\/wp-content\/uploads\/2025\/12\/btmn_factory.webp\" class=\"attachment-full size-full\" alt=\"\" srcset=\"https:\/\/biosys.nocves.com.tr\/wp-content\/uploads\/2025\/12\/btmn_factory.webp 1600w, https:\/\/biosys.nocves.com.tr\/wp-content\/uploads\/2025\/12\/btmn_factory-300x111.webp 300w, https:\/\/biosys.nocves.com.tr\/wp-content\/uploads\/2025\/12\/btmn_factory-1024x380.webp 1024w, https:\/\/biosys.nocves.com.tr\/wp-content\/uploads\/2025\/12\/btmn_factory-18x7.webp 18w\" sizes=\"auto, (max-width: 1600px) 100vw, 1600px\" \/><\/div><\/a><div class=\"w-iconbox-meta\"><h4 class=\"w-iconbox-title\" style=\"font-size:1.2rem;\"><a target=\"_blank\" href=\"https:\/\/maps.app.goo.gl\/2LRdrRowDAMqPwRP8\" class=\"w-iconbox-link\" aria-label=\"Biosys Manufacturing Plant\">Biosys Manufacturing Plant<\/a><\/h4><div class=\"w-iconbox-text\"><p><span>Organize Sanayi B\u00f6lgesi Mevkii 23. Cad. No:4 Be\u015firi \/ BATMAN<\/span><\/p>\n<\/div><\/div><\/div><div class=\"w-iconbox iconpos_top style_default color_primary align_center no_text\"><a href=\"mailto:info@biosyshc.com.tr\" class=\"w-iconbox-link\" aria-label=\"info@biosyshc.com.tr\"><div class=\"w-iconbox-icon\" style=\"font-size:1.8rem;\"><i class=\"fas fa-envelope\"><\/i><\/div><\/a><div class=\"w-iconbox-meta\"><h4 class=\"w-iconbox-title\" style=\"font-size:1rem;\"><a href=\"mailto:info@biosyshc.com.tr\" class=\"w-iconbox-link\" aria-label=\"info@biosyshc.com.tr\">info@biosyshc.com.tr<\/a><\/h4><\/div><\/div><div class=\"w-iconbox iconpos_top style_default color_primary align_center no_text\"><a href=\"tel:444 72 18\" class=\"w-iconbox-link\" aria-label=\"444 72 18\"><div class=\"w-iconbox-icon\" style=\"font-size:1.8rem;\"><i class=\"fas fa-phone-alt\"><\/i><\/div><\/a><div class=\"w-iconbox-meta\"><h4 class=\"w-iconbox-title\" style=\"font-size:1rem;\"><a href=\"tel:444 72 18\" class=\"w-iconbox-link\" aria-label=\"444 72 18\">444 72 18<\/a><\/h4><\/div><\/div><\/div><\/div><\/div><\/div><\/div><\/section>","protected":false},"excerpt":{"rendered":"Size nas\u0131l yard\u0131mc\u0131 olabiliriz? Konu Se\u00e7iniz Demo Talep Fiyat Talep Et Cihaz Ar\u0131za\/Yard\u0131m Distrib\u00fct\u00f6rl\u00fck Talep Et Di\u011fer Select an option E-posta * Please enter a valid email address. Ad * Fill out this field Soyad * Fill out this field Konu * Fill out this field I have read understood and approve the information text...","protected":false},"author":1,"featured_media":0,"parent":0,"menu_order":0,"comment_status":"closed","ping_status":"closed","template":"","meta":{"_acf_changed":false,"footnotes":""},"class_list":["post-31","page","type-page","status-publish","hentry"],"acf":[],"_links":{"self":[{"href":"https:\/\/biosys.nocves.com.tr\/en\/wp-json\/wp\/v2\/pages\/31","targetHints":{"allow":["GET"]}}],"collection":[{"href":"https:\/\/biosys.nocves.com.tr\/en\/wp-json\/wp\/v2\/pages"}],"about":[{"href":"https:\/\/biosys.nocves.com.tr\/en\/wp-json\/wp\/v2\/types\/page"}],"author":[{"embeddable":true,"href":"https:\/\/biosys.nocves.com.tr\/en\/wp-json\/wp\/v2\/users\/1"}],"replies":[{"embeddable":true,"href":"https:\/\/biosys.nocves.com.tr\/en\/wp-json\/wp\/v2\/comments?post=31"}],"version-history":[{"count":54,"href":"https:\/\/biosys.nocves.com.tr\/en\/wp-json\/wp\/v2\/pages\/31\/revisions"}],"predecessor-version":[{"id":995,"href":"https:\/\/biosys.nocves.com.tr\/en\/wp-json\/wp\/v2\/pages\/31\/revisions\/995"}],"wp:attachment":[{"href":"https:\/\/biosys.nocves.com.tr\/en\/wp-json\/wp\/v2\/media?parent=31"}],"curies":[{"name":"wp","href":"https:\/\/api.w.org\/{rel}","templated":true}]}}