{"id":53,"date":"2025-08-27T17:20:07","date_gmt":"2025-08-27T14:20:07","guid":{"rendered":"https:\/\/biosys.nocves.com.tr\/?page_id=53"},"modified":"2025-09-23T10:38:27","modified_gmt":"2025-09-23T07:38:27","slug":"urunler","status":"publish","type":"page","link":"https:\/\/biosys.nocves.com.tr\/en\/urunler\/","title":{"rendered":"Products"},"content":{"rendered":"<section class=\"l-section wpb_row height_small\"><div class=\"l-section-h i-cf\"><div class=\"g-cols vc_row via_grid cols_1 laptops-cols_inherit tablets-cols_inherit mobiles-cols_1 valign_top type_default stacking_default\"><div class=\"wpb_column vc_column_container\"><div class=\"vc_column-inner\"><form class=\"w-filter for_grid state_desktop us-field-style_1 layout_hor items_1 mod_side style_switch_default align_none drop_on_hover hide_item_title\" action =\"http:\/\/1\" onsubmit=\"return false;\" onclick='return {&quot;filterPrefix&quot;:&quot;filter&quot;,&quot;hideDisabledValues&quot;:false,&quot;layout&quot;:&quot;hor&quot;,&quot;mobileWidth&quot;:600,&quot;use_grid&quot;:&quot;#filterable-grid&quot;,&quot;gridNotFoundMessage&quot;:&quot;Nothing to filter. Add a suitable Grid to this page.&quot;}' data-trp-original-action><div class=\"w-filter-list\"><div class=\"w-filter-list-title\">Filter<\/div><button class=\"w-filter-list-closer\" title=\"Close\" aria-label=\"Close\"><\/button><div class=\"w-filter-item type_radio\" data-source=\"tax|us_portfolio_category\"><button class=\"w-filter-item-title\">Product Categories<span><\/span><\/button><a class=\"w-filter-item-reset\" href=\"#\" title=\"Reset\"><span>Reset<\/span><\/a><div class=\"w-filter-item-content\"><div class=\"w-filter-item-values\" data-maxheight=\"40vh\" style=\"max-height:40vh\"><div class=\"w-filter-item-value selected\"><label><input type=\"radio\" value=\"*\" name=\"filter_urun_kategori\" checked='checked'><span class=\"w-filter-item-value-label\">All<\/span><\/label><\/div><div class=\"w-filter-item-value\" data-item-amount=\"1\"><label><input type=\"radio\" value=\"hfo\" name=\"filter_urun_kategori\"><span class=\"w-filter-item-value-label\">HFO<\/span><\/label><\/div><div class=\"w-filter-item-value\" data-item-amount=\"1\"><label><input type=\"radio\" value=\"nemlendirici\" name=\"filter_urun_kategori\"><span class=\"w-filter-item-value-label\">Humidifier<\/span><\/label><\/div><div class=\"w-filter-item-value\" data-item-amount=\"1\"><label><input type=\"radio\" value=\"noromonitor\" name=\"filter_urun_kategori\"><span class=\"w-filter-item-value-label\">Neuromonitor<\/span><\/label><\/div><div class=\"w-filter-item-value\" data-item-amount=\"3\"><label><input type=\"radio\" value=\"ventilator\" name=\"filter_urun_kategori\"><span class=\"w-filter-item-value-label\">Ventilator<\/span><\/label><\/div><\/div><\/div><\/div><\/div><div class=\"w-filter-list-panel\"><button class=\"w-btn us-btn-style_1\"><span class=\"w-btn-label\">Apply<\/span><\/button><\/div><style>@media( max-width:600px ){.w-filter.state_desktop .w-filter-list,.w-filter-item-title>span{display:none}.w-filter-opener{display:inline-block}}<\/style><button class=\"w-filter-opener w-btn us-btn-style_3\"><span>Filter<\/span><\/button><div class=\"w-filter-json-filters-args hidden\" onclick='return {&quot;taxonomies_query_args&quot;:{&quot;tax|us_portfolio_category&quot;:{&quot;hfo&quot;:{&quot;fields&quot;:&quot;ids&quot;,&quot;nopaging&quot;:true,&quot;post_status&quot;:[&quot;publish&quot;,&quot;acf-disabled&quot;,&quot;inherit&quot;],&quot;post_type&quot;:[],&quot;posts_per_page&quot;:1,&quot;suppress_filters&quot;:true,&quot;tax_query&quot;:[{&quot;taxonomy&quot;:&quot;us_portfolio_category&quot;,&quot;field&quot;:&quot;slug&quot;,&quot;terms&quot;:&quot;hfo&quot;}]},&quot;nemlendirici&quot;:{&quot;fields&quot;:&quot;ids&quot;,&quot;nopaging&quot;:true,&quot;post_status&quot;:[&quot;publish&quot;,&quot;acf-disabled&quot;,&quot;inherit&quot;],&quot;post_type&quot;:[],&quot;posts_per_page&quot;:1,&quot;suppress_filters&quot;:true,&quot;tax_query&quot;:[{&quot;taxonomy&quot;:&quot;us_portfolio_category&quot;,&quot;field&quot;:&quot;slug&quot;,&quot;terms&quot;:&quot;nemlendirici&quot;}]},&quot;noromonitor&quot;:{&quot;fields&quot;:&quot;ids&quot;,&quot;nopaging&quot;:true,&quot;post_status&quot;:[&quot;publish&quot;,&quot;acf-disabled&quot;,&quot;inherit&quot;],&quot;post_type&quot;:[],&quot;posts_per_page&quot;:1,&quot;suppress_filters&quot;:true,&quot;tax_query&quot;:[{&quot;taxonomy&quot;:&quot;us_portfolio_category&quot;,&quot;field&quot;:&quot;slug&quot;,&quot;terms&quot;:&quot;noromonitor&quot;}]},&quot;ventilator&quot;:{&quot;fields&quot;:&quot;ids&quot;,&quot;nopaging&quot;:true,&quot;post_status&quot;:[&quot;publish&quot;,&quot;acf-disabled&quot;,&quot;inherit&quot;],&quot;post_type&quot;:[],&quot;posts_per_page&quot;:1,&quot;suppress_filters&quot;:true,&quot;tax_query&quot;:[{&quot;taxonomy&quot;:&quot;us_portfolio_category&quot;,&quot;field&quot;:&quot;slug&quot;,&quot;terms&quot;:&quot;ventilator&quot;}]}}}}'><\/div><input type=\"hidden\" name=\"trp-form-language\" value=\"en\"\/><\/form><div class=\"w-separator size_small\"><\/div><div class=\"w-grid type_grid layout_189 cols_1 with_css_animation\" id=\"filterable-grid\" style=\"--columns:1;--gap:0.8rem;\" data-filterable=\"true\"><style>.layout_189 .w-grid-item-h{}.layout_189 .usg_hwrapper_1{padding-left:2rem!important;padding-top:1rem!important;border-radius:2rem!important;border:1px solid var(--color-content-faded)!important}.layout_189 .usg_post_title_1{font-size:1.1rem!important;margin-bottom:0!important}.layout_189 .usg_post_custom_field_1{font-size:1.8rem!important;padding-top:0!important}.layout_189 .usg_post_content_1{margin-top:8px!important}.layout_189 .usg_post_image_1{width:25%!important}.layout_189 .usg_vwrapper_2{margin-bottom:12px!important}@media (min-width:1025px) and (max-width:1380px){.layout_189 .usg_hwrapper_1{border-radius:2rem!important}}@media (min-width:601px) and (max-width:1024px){.layout_189 .usg_hwrapper_1{border-radius:2rem!important}}@media (max-width:600px){.layout_189 .usg_hwrapper_1{padding-left:1rem!important;padding-top:2rem!important;padding-right:1rem!important;border-radius:1rem!important}.layout_189 .usg_post_image_1{width:100%!important}}<\/style><div class=\"w-grid-list\">\t<article class=\"w-grid-item us_animate_afb size_1x1 post-536 us_portfolio type-us_portfolio status-publish has-post-thumbnail hentry cihaz-ozellik-grafik-gorsellestirme cihaz-ozellik-kullanici-ozel-arayuz cihaz-ozellik-sav-mod us_portfolio_category-ventilator\" data-id=\"536\">\r\n\t\t<div class=\"w-grid-item-h\">\r\n\t\t\t\t\t\t<div class=\"w-hwrapper usg_hwrapper_1 mobile-reverse align_none valign_middle stack_on_mobiles\"><div class=\"w-vwrapper usg_vwrapper_1 align_none valign_top\" style=\"--vwrapper-gap:1.2rem\"><div class=\"w-vwrapper usg_vwrapper_2 align_none valign_top has-link\" style=\"--vwrapper-gap:0rem\"><h2 class=\"w-post-elm post_title usg_post_title_1 entry-title color_link_inherit\">BIYOVENT-R<\/h2><h2 class=\"w-post-elm post_custom_field usg_post_custom_field_1 type_text alt_baslik color_link_inherit\"><span class=\"w-post-elm-value\">Yo\u011fun Bak\u0131m Tipi Mekanik Ventilat\u00f6r<\/span><\/h2><div class=\"w-post-elm post_content usg_post_content_1\">Biyovent, sa\u011fl\u0131k profesyonellerine ihtiya\u00e7 duyduklar\u0131 bilgilere h\u0131zl\u0131 eri\u015fim imk\u00e2n\u0131 sunarken, hastalara uygun tedavi y\u00f6ntemlerinin uygulanmas\u0131n\u0131 sa\u011flar. Cihaz; non-invaziv, invaziv ventilasyon, N-CPAP ve y\u00fcksek ak\u0131\u015f&hellip;<\/div><a href=\"https:\/\/biosys.nocves.com.tr\/en\/urunler\/biyovent-r\/\" class=\"w-vwrapper-link smooth-scroll\" aria-label=\"Link\"><\/a><\/div><div class=\"w-hwrapper usg_hwrapper_2 align_none valign_top stack_on_mobiles\"><a class=\"w-btn us-btn-style_3 usg_btn_1\" href=\"https:\/\/biosys.nocves.com.tr\/en\/urunler\/biyovent-r\/\"><span class=\"w-btn-label\">See Product<\/span><\/a><a class=\"w-btn us-btn-style_3 usg_btn_2\" href=\"https:\/\/biosys.nocves.com.tr\/en\/ilgili-urunler\/?urun=BIYOVENT-R\"><span class=\"w-btn-label\">See Related Products<\/span><\/a><\/div><\/div><div class=\"w-post-elm post_image usg_post_image_1 position-up has_width has_ratio\"><img loading=\"lazy\" decoding=\"async\" width=\"642\" height=\"1024\" src=\"https:\/\/biosys.nocves.com.tr\/wp-content\/uploads\/2025\/09\/1-642x1024.webp\" class=\"attachment-large size-large wp-post-image\" alt=\"\" \/><div style=\"padding-bottom:100%\"><\/div><\/div><\/div>\t\t<\/div>\r\n\t\t\t<\/article>\r\n\t<article class=\"w-grid-item us_animate_afb size_1x1 post-127 us_portfolio type-us_portfolio status-publish has-post-thumbnail hentry cihaz-ozellik-grafik-gorsellestirme cihaz-ozellik-kullanici-ozel-arayuz cihaz-ozellik-sav-mod ilgili-urun-akis-sensoru ilgili-urun-bakteri-filtresi ilgili-urun-dongle ilgili-urun-ekspirasyon-valfi ilgili-urun-hasta-devresi ilgili-urun-hme-filtresi us_portfolio_category-ventilator\" data-id=\"127\">\r\n\t\t<div class=\"w-grid-item-h\">\r\n\t\t\t\t\t\t<div class=\"w-hwrapper usg_hwrapper_1 mobile-reverse align_none valign_middle stack_on_mobiles\"><div class=\"w-vwrapper usg_vwrapper_1 align_none valign_top\" style=\"--vwrapper-gap:1.2rem\"><div class=\"w-vwrapper usg_vwrapper_2 align_none valign_top has-link\" style=\"--vwrapper-gap:0rem\"><h2 class=\"w-post-elm post_title usg_post_title_1 entry-title color_link_inherit\">BIYOVENT-M<\/h2><h2 class=\"w-post-elm post_custom_field usg_post_custom_field_1 type_text alt_baslik color_link_inherit\"><span class=\"w-post-elm-value\">Yo\u011fun Bak\u0131m Tipi Mekanik Ventilat\u00f6r (Neonatal)<\/span><\/h2><div class=\"w-post-elm post_content usg_post_content_1\">Biyovent, sa\u011fl\u0131k profesyonellerine ihtiya\u00e7 duyduklar\u0131 bilgilere h\u0131zl\u0131 eri\u015fim imk\u00e2n\u0131 sunarken, hastalara uygun tedavi y\u00f6ntemlerinin uygulanmas\u0131n\u0131 sa\u011flar. Cihaz; non-invaziv, invaziv ventilasyon, N-CPAP ve y\u00fcksek ak\u0131\u015f&hellip;<\/div><a href=\"https:\/\/biosys.nocves.com.tr\/en\/urunler\/biyovent-m\/\" class=\"w-vwrapper-link smooth-scroll\" aria-label=\"Link\"><\/a><\/div><div class=\"w-hwrapper usg_hwrapper_2 align_none valign_top stack_on_mobiles\"><a class=\"w-btn us-btn-style_3 usg_btn_1\" href=\"https:\/\/biosys.nocves.com.tr\/en\/urunler\/biyovent-m\/\"><span class=\"w-btn-label\">See Product<\/span><\/a><a class=\"w-btn us-btn-style_3 usg_btn_2\" href=\"https:\/\/biosys.nocves.com.tr\/en\/ilgili-urunler\/?urun=BIYOVENT-M\"><span class=\"w-btn-label\">See Related Products<\/span><\/a><\/div><\/div><div class=\"w-post-elm post_image usg_post_image_1 position-up has_width has_ratio\"><img loading=\"lazy\" decoding=\"async\" width=\"776\" height=\"1024\" src=\"https:\/\/biosys.nocves.com.tr\/wp-content\/uploads\/2025\/09\/BIYOVENT-M-2-776x1024.webp\" class=\"attachment-large size-large wp-post-image\" alt=\"\" \/><div style=\"padding-bottom:100%\"><\/div><\/div><\/div>\t\t<\/div>\r\n\t\t\t<\/article>\r\n\t<article class=\"w-grid-item us_animate_afb size_1x1 post-296 us_portfolio type-us_portfolio status-publish has-post-thumbnail hentry cihaz-ozellik-sav-mod ilgili-urun-chamber ilgili-urun-hfo-consumable-8 ilgili-urun-naza-kanul ilgili-urun-hfo-consumable-7 us_portfolio_category-nemlendirici\" data-id=\"296\">\r\n\t\t<div class=\"w-grid-item-h\">\r\n\t\t\t\t\t\t<div class=\"w-hwrapper usg_hwrapper_1 mobile-reverse align_none valign_middle stack_on_mobiles\"><div class=\"w-vwrapper usg_vwrapper_1 align_none valign_top\" style=\"--vwrapper-gap:1.2rem\"><div class=\"w-vwrapper usg_vwrapper_2 align_none valign_top has-link\" style=\"--vwrapper-gap:0rem\"><h2 class=\"w-post-elm post_title usg_post_title_1 entry-title color_link_inherit\">BIOAQUA<\/h2><h2 class=\"w-post-elm post_custom_field usg_post_custom_field_1 type_text alt_baslik color_link_inherit\"><span class=\"w-post-elm-value\">Mekanik Ventilat\u00f6r Uyumlu Nemlendirici<\/span><\/h2><div class=\"w-post-elm post_content usg_post_content_1\">BioAqua, kritik hastalar\u0131 kuru ve so\u011fuk medikal gazlar\u0131n risklerinden korumak i\u00e7in tasarlanm\u0131\u015ft\u0131r. \u0130nvaziv, non-invaziv ve y\u00fcksek ak\u0131\u015fl\u0131 oksijen tedavilerinde solunan havay\u0131 \u0131s\u0131tarak ve nemlendirerek&hellip;<\/div><a href=\"https:\/\/biosys.nocves.com.tr\/en\/urunler\/bioaqua\/\" class=\"w-vwrapper-link smooth-scroll\" aria-label=\"Link\"><\/a><\/div><div class=\"w-hwrapper usg_hwrapper_2 align_none valign_top stack_on_mobiles\"><a class=\"w-btn us-btn-style_3 usg_btn_1\" href=\"https:\/\/biosys.nocves.com.tr\/en\/urunler\/bioaqua\/\"><span class=\"w-btn-label\">See Product<\/span><\/a><a class=\"w-btn us-btn-style_3 usg_btn_2\" href=\"https:\/\/biosys.nocves.com.tr\/en\/ilgili-urunler\/?urun=BIOAQUA\"><span class=\"w-btn-label\">See Related Products<\/span><\/a><\/div><\/div><div class=\"w-post-elm post_image usg_post_image_1 position-up has_width has_ratio\"><img loading=\"lazy\" decoding=\"async\" width=\"750\" height=\"862\" src=\"https:\/\/biosys.nocves.com.tr\/wp-content\/uploads\/2025\/09\/1-1.webp\" class=\"attachment-large size-large wp-post-image\" alt=\"\" \/><div style=\"padding-bottom:100%\"><\/div><\/div><\/div>\t\t<\/div>\r\n\t\t\t<\/article>\r\n\t<article class=\"w-grid-item us_animate_afb size_1x1 post-303 us_portfolio type-us_portfolio status-publish has-post-thumbnail hentry ilgili-urun-bipolar-prob ilgili-urun-endotrakeal-boru ilgili-urun-igne-elektrot-1 ilgili-urun-monopolar-prob ilgili-urun-neurobox us_portfolio_category-noromonitor\" data-id=\"303\">\r\n\t\t<div class=\"w-grid-item-h\">\r\n\t\t\t\t\t\t<div class=\"w-hwrapper usg_hwrapper_1 mobile-reverse align_none valign_middle stack_on_mobiles\"><div class=\"w-vwrapper usg_vwrapper_1 align_none valign_top\" style=\"--vwrapper-gap:1.2rem\"><div class=\"w-vwrapper usg_vwrapper_2 align_none valign_top has-link\" style=\"--vwrapper-gap:0rem\"><h2 class=\"w-post-elm post_title usg_post_title_1 entry-title color_link_inherit\">BIOSCOPE<\/h2><h2 class=\"w-post-elm post_custom_field usg_post_custom_field_1 type_text alt_baslik color_link_inherit\"><span class=\"w-post-elm-value\">Intraoperative Neuromonitoring Device<\/span><\/h2><div class=\"w-post-elm post_content usg_post_content_1\">Bioscope ensures the highest safety in delicate surgical operations by continuously monitoring the integrity of at-risk neural structures. By providing real-time visual and auditory feedback to surgeons...<\/div><a href=\"https:\/\/biosys.nocves.com.tr\/en\/urunler\/bioscope\/\" class=\"w-vwrapper-link smooth-scroll\" aria-label=\"Link\"><\/a><\/div><div class=\"w-hwrapper usg_hwrapper_2 align_none valign_top stack_on_mobiles\"><a class=\"w-btn us-btn-style_3 usg_btn_1\" href=\"https:\/\/biosys.nocves.com.tr\/en\/urunler\/bioscope\/\"><span class=\"w-btn-label\">See Product<\/span><\/a><a class=\"w-btn us-btn-style_3 usg_btn_2\" href=\"https:\/\/biosys.nocves.com.tr\/en\/ilgili-urunler\/?urun=BIOSCOPE\"><span class=\"w-btn-label\">See Related Products<\/span><\/a><\/div><\/div><div class=\"w-post-elm post_image usg_post_image_1 position-up has_width has_ratio\"><img loading=\"lazy\" decoding=\"async\" width=\"872\" height=\"1024\" src=\"https:\/\/biosys.nocves.com.tr\/wp-content\/uploads\/2025\/09\/8-1-872x1024.webp\" class=\"attachment-large size-large wp-post-image\" alt=\"\" \/><div style=\"padding-bottom:100%\"><\/div><\/div><\/div>\t\t<\/div>\r\n\t\t\t<\/article>\r\n\t<article class=\"w-grid-item us_animate_afb size_1x1 post-319 us_portfolio type-us_portfolio status-publish has-post-thumbnail hentry ilgili-urun-bakteri-filtresi ilgili-urun-chamber ilgili-urun-hfo-consumable-8 ilgili-urun-naza-kanul ilgili-urun-hfo-consumable-7 ilgili-urun-oksijen-hortumu us_portfolio_category-hfo\" data-id=\"319\">\r\n\t\t<div class=\"w-grid-item-h\">\r\n\t\t\t\t\t\t<div class=\"w-hwrapper usg_hwrapper_1 mobile-reverse align_none valign_middle stack_on_mobiles\"><div class=\"w-vwrapper usg_vwrapper_1 align_none valign_top\" style=\"--vwrapper-gap:1.2rem\"><div class=\"w-vwrapper usg_vwrapper_2 align_none valign_top has-link\" style=\"--vwrapper-gap:0rem\"><h2 class=\"w-post-elm post_title usg_post_title_1 entry-title color_link_inherit\">BIO2FLOW<\/h2><h2 class=\"w-post-elm post_custom_field usg_post_custom_field_1 type_text alt_baslik color_link_inherit\"><span class=\"w-post-elm-value\">High Flow Oxygen Therapy Device<\/span><\/h2><div class=\"w-post-elm post_content usg_post_content_1\">Bio2Flow redefines high-flow oxygen therapy with integrated humidifier, battery and nebulizer features, delivering intensive care level care in hospitals. Reduces the need for intubation and intensive care...<\/div><a href=\"https:\/\/biosys.nocves.com.tr\/en\/urunler\/bio2flow\/\" class=\"w-vwrapper-link smooth-scroll\" aria-label=\"Link\"><\/a><\/div><div class=\"w-hwrapper usg_hwrapper_2 align_none valign_top stack_on_mobiles\"><a class=\"w-btn us-btn-style_3 usg_btn_1\" href=\"https:\/\/biosys.nocves.com.tr\/en\/urunler\/bio2flow\/\"><span class=\"w-btn-label\">See Product<\/span><\/a><a class=\"w-btn us-btn-style_3 usg_btn_2\" href=\"https:\/\/biosys.nocves.com.tr\/en\/ilgili-urunler\/?urun=BIO2FLOW\"><span class=\"w-btn-label\">See Related Products<\/span><\/a><\/div><\/div><div class=\"w-post-elm post_image usg_post_image_1 position-up has_width has_ratio\"><img loading=\"lazy\" decoding=\"async\" width=\"867\" height=\"1024\" src=\"https:\/\/biosys.nocves.com.tr\/wp-content\/uploads\/2025\/09\/bio2flow-featured-867x1024.webp\" class=\"attachment-large size-large wp-post-image\" alt=\"\" \/><div style=\"padding-bottom:100%\"><\/div><\/div><\/div>\t\t<\/div>\r\n\t\t\t<\/article>\r\n\t<article class=\"w-grid-item us_animate_afb size_1x1 post-363 us_portfolio type-us_portfolio status-publish has-post-thumbnail hentry cihaz-ozellik-sav-mod ilgili-urun-akis-sensoru ilgili-urun-hasta-devresi us_portfolio_category-ventilator\" data-id=\"363\">\r\n\t\t<div class=\"w-grid-item-h\">\r\n\t\t\t\t\t\t<div class=\"w-hwrapper usg_hwrapper_1 mobile-reverse align_none valign_middle stack_on_mobiles\"><div class=\"w-vwrapper usg_vwrapper_1 align_none valign_top\" style=\"--vwrapper-gap:1.2rem\"><div class=\"w-vwrapper usg_vwrapper_2 align_none valign_top has-link\" style=\"--vwrapper-gap:0rem\"><h2 class=\"w-post-elm post_title usg_post_title_1 entry-title color_link_inherit\">BIO2XY<\/h2><h2 class=\"w-post-elm post_custom_field usg_post_custom_field_1 type_text alt_baslik color_link_inherit\"><span class=\"w-post-elm-value\">Household Mechanical Ventilator<\/span><\/h2><div class=\"w-post-elm post_content usg_post_content_1\">BiO2XY, klinik \u00e7al\u0131\u015fanlara hasta verilerine an\u0131nda eri\u015fim ve etkin takip olana\u011f\u0131 sa\u011flarken, hastalar\u0131n do\u011fru tedavi y\u00f6ntemleriyle desteklenmesine imk\u00e2n tan\u0131r. Cihaz; C-PAP tedavisi, entegre neb\u00fclizat\u00f6r,&hellip;<\/div><a href=\"https:\/\/biosys.nocves.com.tr\/en\/urunler\/bio2xy\/\" class=\"w-vwrapper-link smooth-scroll\" aria-label=\"Link\"><\/a><\/div><div class=\"w-hwrapper usg_hwrapper_2 align_none valign_top stack_on_mobiles\"><a class=\"w-btn us-btn-style_3 usg_btn_1\" href=\"https:\/\/biosys.nocves.com.tr\/en\/urunler\/bio2xy\/\"><span class=\"w-btn-label\">See Product<\/span><\/a><a class=\"w-btn us-btn-style_3 usg_btn_2\" href=\"https:\/\/biosys.nocves.com.tr\/en\/ilgili-urunler\/?urun=BIO2XY\"><span class=\"w-btn-label\">See Related Products<\/span><\/a><\/div><\/div><div class=\"w-post-elm post_image usg_post_image_1 position-up has_width has_ratio\"><img loading=\"lazy\" decoding=\"async\" width=\"1024\" height=\"881\" src=\"https:\/\/biosys.nocves.com.tr\/wp-content\/uploads\/2025\/09\/5-4-1024x881.webp\" class=\"attachment-large size-large wp-post-image\" alt=\"\" \/><div style=\"padding-bottom:100%\"><\/div><\/div><\/div>\t\t<\/div>\r\n\t\t\t<\/article>\r\n<\/div><div class=\"w-grid-preloader\">\t<div class=\"g-preloader type_1\">\r\n\t\t<div><\/div>\r\n\t<\/div>\r\n\t<\/div>\t<div class=\"w-grid-json hidden\" onclick='return {&quot;action&quot;:&quot;us_ajax_grid&quot;,&quot;infinite_scroll&quot;:0,&quot;max_num_pages&quot;:1,&quot;pagination&quot;:&quot;none&quot;,&quot;template_vars&quot;:{&quot;columns&quot;:&quot;1&quot;,&quot;exclude_items&quot;:&quot;none&quot;,&quot;img_size&quot;:&quot;default&quot;,&quot;ignore_items_size&quot;:0,&quot;items_layout&quot;:&quot;189&quot;,&quot;items_offset&quot;:&quot;1&quot;,&quot;load_animation&quot;:&quot;afb&quot;,&quot;overriding_link&quot;:&quot;%7B%22url%22%3A%22%22%7D&quot;,&quot;post_id&quot;:0,&quot;query_args&quot;:{&quot;post_type&quot;:[&quot;us_portfolio&quot;],&quot;post_status&quot;:[&quot;publish&quot;,&quot;acf-disabled&quot;],&quot;posts_per_page&quot;:&quot;10&quot;},&quot;orderby_query_args&quot;:{&quot;orderby&quot;:{&quot;date&quot;:&quot;ASC&quot;}},&quot;type&quot;:&quot;grid&quot;,&quot;us_grid_post_type&quot;:&quot;us_portfolio&quot;,&quot;us_grid_ajax_index&quot;:1,&quot;us_grid_filter_query_string&quot;:null,&quot;us_grid_index&quot;:1,&quot;page_args&quot;:[]}}'><\/div>\r\n\t<\/div><\/div><\/div><\/div><\/div><\/section>","protected":false},"excerpt":{"rendered":"BiO2XY, klinik \u00e7al\u0131\u015fanlara hasta verilerine an\u0131nda eri\u015fim ve etkin takip olana\u011f\u0131 sa\u011flarken, hastalar\u0131n do\u011fru tedavi y\u00f6ntemleriyle desteklenmesine imk\u00e2n tan\u0131r. Cihaz; C-PAP tedavisi, entegre neb\u00fclizat\u00f6r, ventilat\u00f6r fonksiyonlar\u0131 ve uzaktan izleme teknolojisi sayesinde geni\u015f bir kullan\u0131m alan\u0131 sunar. BiO2XY evde kullan\u0131m i\u00e7in tasarlanm\u0131\u015ft\u0131r; hastaya kesintisiz ve g\u00fcvenilir solunum deste\u011fi sa\u011flarken tedavi s\u00fcrecinin s\u00fcrekli izlenebilir olmas\u0131n\u0131 m\u00fcmk\u00fcn k\u0131lar....","protected":false},"author":1,"featured_media":0,"parent":0,"menu_order":0,"comment_status":"closed","ping_status":"closed","template":"","meta":{"_acf_changed":false,"footnotes":""},"class_list":["post-53","page","type-page","status-publish","hentry"],"acf":[],"_links":{"self":[{"href":"https:\/\/biosys.nocves.com.tr\/en\/wp-json\/wp\/v2\/pages\/53","targetHints":{"allow":["GET"]}}],"collection":[{"href":"https:\/\/biosys.nocves.com.tr\/en\/wp-json\/wp\/v2\/pages"}],"about":[{"href":"https:\/\/biosys.nocves.com.tr\/en\/wp-json\/wp\/v2\/types\/page"}],"author":[{"embeddable":true,"href":"https:\/\/biosys.nocves.com.tr\/en\/wp-json\/wp\/v2\/users\/1"}],"replies":[{"embeddable":true,"href":"https:\/\/biosys.nocves.com.tr\/en\/wp-json\/wp\/v2\/comments?post=53"}],"version-history":[{"count":9,"href":"https:\/\/biosys.nocves.com.tr\/en\/wp-json\/wp\/v2\/pages\/53\/revisions"}],"predecessor-version":[{"id":418,"href":"https:\/\/biosys.nocves.com.tr\/en\/wp-json\/wp\/v2\/pages\/53\/revisions\/418"}],"wp:attachment":[{"href":"https:\/\/biosys.nocves.com.tr\/en\/wp-json\/wp\/v2\/media?parent=53"}],"curies":[{"name":"wp","href":"https:\/\/api.w.org\/{rel}","templated":true}]}}