{"id":55,"date":"2025-08-27T17:20:20","date_gmt":"2025-08-27T14:20:20","guid":{"rendered":"https:\/\/biosys.nocves.com.tr\/?page_id=55"},"modified":"2025-12-30T10:39:57","modified_gmt":"2025-12-30T07:39:57","slug":"teknik-servis","status":"publish","type":"page","link":"https:\/\/biosys.nocves.com.tr\/en\/teknik-servis\/","title":{"rendered":"Technical Service"},"content":{"rendered":"<section class=\"l-section wpb_row height_medium\"><div class=\"l-section-h i-cf\"><div class=\"g-cols vc_row via_grid cols_1 laptops-cols_inherit tablets-cols_inherit mobiles-cols_1 valign_top type_default stacking_default\"><div class=\"wpb_column vc_column_container\"><div class=\"vc_column-inner\"><h3 class=\"w-text\"><span class=\"w-text-h\"><span class=\"w-text-value\">Cihazlar\u0131n\u0131z\u0131n her a\u015famada g\u00fcvenle \u00e7al\u0131\u015fmas\u0131 i\u00e7in yan\u0131n\u0131zday\u0131z.<\/span><\/span><\/h3><div class=\"g-cols wpb_row via_grid cols_2 laptops-cols_inherit tablets-cols_inherit mobiles-cols_1 valign_middle type_default stacking_default\" style=\"--columns-gap:0rem;\"><div class=\"wpb_column vc_column_container\"><div class=\"vc_column-inner\"><div class=\"w-image hide_on_mobiles align_right\"><div class=\"w-image-h\"><img decoding=\"async\" width=\"1024\" height=\"1024\" src=\"https:\/\/biosys.nocves.com.tr\/wp-content\/uploads\/2025\/12\/TechnicalServicePage1.webp\" class=\"attachment-large size-large\" alt=\"\" loading=\"lazy\" srcset=\"https:\/\/biosys.nocves.com.tr\/wp-content\/uploads\/2025\/12\/TechnicalServicePage1.webp 1024w, https:\/\/biosys.nocves.com.tr\/wp-content\/uploads\/2025\/12\/TechnicalServicePage1-300x300.webp 300w, https:\/\/biosys.nocves.com.tr\/wp-content\/uploads\/2025\/12\/TechnicalServicePage1-150x150.webp 150w, https:\/\/biosys.nocves.com.tr\/wp-content\/uploads\/2025\/12\/TechnicalServicePage1-12x12.webp 12w\" sizes=\"auto, (max-width: 1024px) 100vw, 1024px\" \/><\/div><\/div><div class=\"w-image hide_on_default hide_on_laptops hide_on_tablets align_right\"><div class=\"w-image-h\"><img decoding=\"async\" width=\"1024\" height=\"1024\" src=\"https:\/\/biosys.nocves.com.tr\/wp-content\/uploads\/2025\/12\/TechnicalServicePage2.webp\" class=\"attachment-large size-large\" alt=\"\" loading=\"lazy\" srcset=\"https:\/\/biosys.nocves.com.tr\/wp-content\/uploads\/2025\/12\/TechnicalServicePage2.webp 1024w, https:\/\/biosys.nocves.com.tr\/wp-content\/uploads\/2025\/12\/TechnicalServicePage2-300x300.webp 300w, https:\/\/biosys.nocves.com.tr\/wp-content\/uploads\/2025\/12\/TechnicalServicePage2-150x150.webp 150w, https:\/\/biosys.nocves.com.tr\/wp-content\/uploads\/2025\/12\/TechnicalServicePage2-12x12.webp 12w\" sizes=\"auto, (max-width: 1024px) 100vw, 1024px\" \/><\/div><\/div><\/div><\/div><div class=\"wpb_column vc_column_container\"><div class=\"vc_column-inner\"><div class=\"wpb_text_column\"><div class=\"wpb_wrapper\"><div class=\"elementor-element elementor-element-d244661 elementor-widget elementor-widget-heading\" data-id=\"d244661\" data-element_type=\"widget\" data-widget_type=\"heading.default\">\n<div class=\"elementor-widget-container\">\n<h4>Teknik Destek \u0130\u00e7in Buraday\u0131z<\/h4>\n<p>Cihazlar\u0131n\u0131z\u0131n g\u00fcvenli ve verimli \u015fekilde \u00e7al\u0131\u015fmas\u0131 bizim i\u00e7in \u00f6ncelik. Teknik servis ekibimiz; kurulum, bak\u0131m, ar\u0131za ve teknik dan\u0131\u015fmanl\u0131k konular\u0131nda size h\u0131zl\u0131 ve do\u011fru \u00e7\u00f6z\u00fcmler sunmak i\u00e7in haz\u0131r.<\/p>\n<p>Her t\u00fcrl\u00fc teknik talebiniz i\u00e7in bizimle ileti\u015fime ge\u00e7ebilir, uzman ekibimizden destek alabilirsiniz.<\/p>\n<\/div>\n<\/div>\n<\/div><\/div><div class=\"w-separator size_small\"><\/div><div class=\"w-hwrapper valign_top wrap stack_on_mobiles default_align_none laptops_align_none tablets_align_none mobiles_align_justify\" style=\"--hwrapper-gap:0.8rem\"><div class=\"w-btn-wrapper default_align_none laptops_align_none tablets_align_none mobiles_align_justify\"><a class=\"w-btn us-btn-style_1\" href=\"https:\/\/www.youtube.com\/@biosysbiyomedikal\"><span class=\"w-btn-label\">Education Videos<\/span><\/a><\/div><div class=\"w-btn-wrapper default_align_none laptops_align_none tablets_align_none mobiles_align_justify\"><a class=\"w-btn us-btn-style_3\" href=\"https:\/\/biosys.nocves.com.tr\/en\/iletisim\/\"><span class=\"w-btn-label\">Contact<\/span><\/a><\/div><\/div><\/div><\/div><\/div><\/div><\/div><\/div><\/div><\/section><section class=\"l-section wpb_row height_small\"><div class=\"l-section-h i-cf\"><div class=\"g-cols vc_row via_grid cols_2 laptops-cols_inherit tablets-cols_inherit mobiles-cols_1 valign_middle type_default reversed stacking_default\"><div class=\"wpb_column vc_column_container\"><div class=\"vc_column-inner\"><div class=\"wpb_text_column\"><div class=\"wpb_wrapper\"><div class=\"elementor-element elementor-element-d244661 elementor-widget elementor-widget-heading\" data-id=\"d244661\" data-element_type=\"widget\" data-widget_type=\"heading.default\">\n<div class=\"elementor-widget-container\">\n<h5><strong>Accessible, Effective, Comprehensive:<\/strong><br \/>\nJoin Online Trainings Now!<\/h5>\n<ul>\n<li>Save time with online trainings.<\/li>\n<li>Participate where and when you want.<\/li>\n<li>Learn everything about using the device from our experts.<\/li>\n<\/ul>\n<\/div>\n<\/div>\n<\/div><\/div><div class=\"w-separator size_small\"><\/div><div class=\"w-btn-wrapper align_none\"><a class=\"w-btn us-btn-style_1\" href=\"https:\/\/biosys.nocves.com.tr\/en\/iletisim\/\"><span class=\"w-btn-label\">Make an Appointment<\/span><\/a><\/div><\/div><\/div><div class=\"wpb_column vc_column_container\"><div class=\"vc_column-inner\"><div class=\"w-image align_right\"><div class=\"w-image-h\"><img decoding=\"async\" width=\"1024\" height=\"957\" src=\"https:\/\/biosys.nocves.com.tr\/wp-content\/uploads\/2025\/12\/TechnicalServicePage3-1024x957.webp\" class=\"attachment-large size-large\" alt=\"\" loading=\"lazy\" srcset=\"https:\/\/biosys.nocves.com.tr\/wp-content\/uploads\/2025\/12\/TechnicalServicePage3-1024x957.webp 1024w, https:\/\/biosys.nocves.com.tr\/wp-content\/uploads\/2025\/12\/TechnicalServicePage3-300x281.webp 300w, https:\/\/biosys.nocves.com.tr\/wp-content\/uploads\/2025\/12\/TechnicalServicePage3-13x12.webp 13w, https:\/\/biosys.nocves.com.tr\/wp-content\/uploads\/2025\/12\/TechnicalServicePage3.webp 1600w\" sizes=\"auto, (max-width: 1024px) 100vw, 1024px\" \/><\/div><\/div><\/div><\/div><\/div><\/div><\/section><section class=\"l-section wpb_row height_medium\"><div class=\"l-section-h i-cf\"><div class=\"g-cols vc_row via_grid cols_2 laptops-cols_inherit tablets-cols_inherit mobiles-cols_1 valign_middle type_default stacking_default\" style=\"--columns-gap:1.2rem;\"><div class=\"wpb_column vc_column_container\"><div class=\"vc_column-inner\"><div class=\"w-image us_custom_cc2b9414 align_right\"><div class=\"w-image-h\"><img decoding=\"async\" width=\"553\" height=\"594\" src=\"https:\/\/biosys.nocves.com.tr\/wp-content\/uploads\/2025\/09\/servis-gorsel.webp\" class=\"attachment-large size-large\" alt=\"\" loading=\"lazy\" srcset=\"https:\/\/biosys.nocves.com.tr\/wp-content\/uploads\/2025\/09\/servis-gorsel.webp 553w, https:\/\/biosys.nocves.com.tr\/wp-content\/uploads\/2025\/09\/servis-gorsel-279x300.webp 279w\" sizes=\"auto, (max-width: 553px) 100vw, 553px\" \/><\/div><\/div><\/div><\/div><div class=\"wpb_column vc_column_container\"><div class=\"vc_column-inner\"><form class=\"w-form  us-field-style_1 layout_ver show_message_after_sending for_cform us_form_1 validate_by_recaptcha\" action=\"https:\/\/biosys.nocves.com.tr\/en\/en\/wp-json\/wp\/v2\/pages\/55\" method=\"post\" data-trp-original-action=\"https:\/\/biosys.nocves.com.tr\/en\/en\/wp-json\/wp\/v2\/pages\/55\"><div class=\"w-form-h\"><div class=\"w-form-row for_radio has_label\">\r\n\t\t\t<div class=\"w-form-row-label\">\r\n\t\t\t<span>Subject<\/span>\r\n\t\t<\/div>\r\n\t\t<div class=\"w-form-row-field\">\r\n\t\t\t\t\t<label>\r\n\t\t\t\t<input type=\"radio\" name=\"us_form_1_radio_1\" value=\"Cihaz Ar\u0131za\/Yard\u0131m\" checked='checked'\/>\r\n\t\t\t\t<span>Device Malfunction\/Help<\/span>\r\n\t\t\t<\/label>\r\n\t\t\t\t<\/div>\r\n\t\t<div class=\"w-form-row-state\">Select an option<\/div>\r\n<\/div>\r\n<div class=\"w-form-row for_text\">\r\n\t\t<div class=\"w-form-row-field\">\r\n\t\t\t\t\t\t<input aria-label=\"Name\" type=\"text\" name=\"us_form_1_text_1\" value placeholder=\"Name\"\/>\r\n\t\t\t<\/div>\r\n\t\t<div class=\"w-form-row-state\">Fill out this field<\/div>\r\n<\/div>\r\n<div class=\"w-form-row for_text\">\r\n\t\t<div class=\"w-form-row-field\">\r\n\t\t\t\t\t\t<input aria-label=\"Surname\" type=\"text\" name=\"us_form_1_text_2\" value placeholder=\"Surname\"\/>\r\n\t\t\t<\/div>\r\n\t\t<div class=\"w-form-row-state\">Fill out this field<\/div>\r\n<\/div>\r\n<div class=\"w-form-row for_email\">\r\n\t\t<div class=\"w-form-row-field\">\r\n\t\t\t\t\t\t<input aria-label=\"Email\" type=\"email\" name=\"us_form_1_email_1\" value placeholder=\"Email\"\/>\r\n\t\t\t<\/div>\r\n\t\t<div class=\"w-form-row-state\">Please enter a valid email address.<\/div>\r\n<\/div>\r\n<div class=\"w-form-row for_text\">\r\n\t\t<div class=\"w-form-row-field\">\r\n\t\t\t\t\t\t<input aria-label=\"Telephone\" inputmode=\"tel\" type=\"text\" name=\"us_form_1_text_3\" value placeholder=\"Telephone\"\/>\r\n\t\t\t<\/div>\r\n\t\t<div class=\"w-form-row-state\">Fill out this field<\/div>\r\n<\/div>\r\n<div class=\"w-form-row for_textarea\">\r\n\t\t<div class=\"w-form-row-field\">\r\n\t\t\t\t\t\t<textarea aria-label=\"Message\" name=\"us_form_1_textarea_1\" placeholder=\"Message\"><\/textarea>\r\n\t\t\t<\/div>\r\n\t\t<div class=\"w-form-row-state\">Fill out this field<\/div>\r\n<\/div>\r\n<div class=\"w-form-row for_agreement required\">\r\n\t\t<div class=\"w-form-row-field\">\r\n\t\t\t\t<label>\r\n\t\t\t<input type=\"checkbox\" value=\"1\" data-required=\"true\" aria-required=\"true\" name=\"us_form_1_agreement_1\"\/>\r\n\t\t\t<span>By subscribing to our newsletter, I have read, understood and approved the information text and the membership agreement. I agree to receive electronic commercial messages.<\/span>\r\n\t\t<\/label>\r\n\t\t\t<\/div>\r\n\t\t<div class=\"w-form-row-state\">You need to agree with the terms to proceed<\/div>\r\n<\/div>\r\n<input type=\"hidden\" name=\"action\" value=\"us_ajax_cform\" \/>\r\n<input type=\"hidden\" name=\"post_id\" value=\"0\" \/>\r\n<input type=\"hidden\" name=\"form_index\" value=\"1\" \/>\r\n<div class=\"w-form-row for_submit default_align_none laptops_align_none tablets_align_none mobiles_align_justify\">\r\n\t<button class=\"w-btn  us-btn-style_3\" aria-label=\"Submit\" type=\"submit\">\r\n\t\t<span class=\"g-preloader type_1\"><\/span>\r\n\t\t\t\t<span class=\"w-btn-label\">Submit<\/span>\r\n\t\t\t<\/button>\r\n\t<\/div>\r\n<\/div><div class=\"w-form-message\"><\/div><div class=\"w-form-json hidden\" onclick='return {&quot;ajaxurl&quot;:&quot;https:\\\/\\\/biosys.nocves.com.tr\\\/wp-admin\\\/admin-ajax.php&quot;,&quot;messages&quot;:{&quot;err_empty&quot;:&quot;Fill out this field&quot;,&quot;err_size&quot;:&quot;File size cannot exceed %s MB&quot;,&quot;err_extension&quot;:&quot;%s file type is not allowed&quot;,&quot;err_recaptcha_keys&quot;:&quot;reCAPTCHA keys are incorrect&quot;},&quot;recaptcha_site_key&quot;:&quot;6Leg2swrAAAAAMEPAjBRC3dhm0PcKn-LDq3dfRg3&quot;}'><\/div><input type=\"hidden\" name=\"trp-form-language\" value=\"en\"\/><\/form><\/div><\/div><\/div><\/div><\/section>","protected":false},"excerpt":{"rendered":"Cihazlar\u0131n\u0131z\u0131n her a\u015famada g\u00fcvenle \u00e7al\u0131\u015fmas\u0131 i\u00e7in yan\u0131n\u0131zday\u0131z. Teknik Destek \u0130\u00e7in Buraday\u0131z Cihazlar\u0131n\u0131z\u0131n g\u00fcvenli ve verimli \u015fekilde \u00e7al\u0131\u015fmas\u0131 bizim i\u00e7in \u00f6ncelik. Teknik servis ekibimiz; kurulum, bak\u0131m, ar\u0131za ve teknik dan\u0131\u015fmanl\u0131k konular\u0131nda size h\u0131zl\u0131 ve do\u011fru \u00e7\u00f6z\u00fcmler sunmak i\u00e7in haz\u0131r. Her t\u00fcrl\u00fc teknik talebiniz i\u00e7in bizimle ileti\u015fime ge\u00e7ebilir, uzman ekibimizden destek alabilirsiniz. E\u011fitim Videolar\u0131\u0130leti\u015fim Eri\u015filebilir, Etkili, Kapsaml\u0131:...","protected":false},"author":1,"featured_media":0,"parent":0,"menu_order":0,"comment_status":"closed","ping_status":"closed","template":"","meta":{"_acf_changed":false,"footnotes":""},"class_list":["post-55","page","type-page","status-publish","hentry"],"acf":[],"_links":{"self":[{"href":"https:\/\/biosys.nocves.com.tr\/en\/wp-json\/wp\/v2\/pages\/55","targetHints":{"allow":["GET"]}}],"collection":[{"href":"https:\/\/biosys.nocves.com.tr\/en\/wp-json\/wp\/v2\/pages"}],"about":[{"href":"https:\/\/biosys.nocves.com.tr\/en\/wp-json\/wp\/v2\/types\/page"}],"author":[{"embeddable":true,"href":"https:\/\/biosys.nocves.com.tr\/en\/wp-json\/wp\/v2\/users\/1"}],"replies":[{"embeddable":true,"href":"https:\/\/biosys.nocves.com.tr\/en\/wp-json\/wp\/v2\/comments?post=55"}],"version-history":[{"count":23,"href":"https:\/\/biosys.nocves.com.tr\/en\/wp-json\/wp\/v2\/pages\/55\/revisions"}],"predecessor-version":[{"id":998,"href":"https:\/\/biosys.nocves.com.tr\/en\/wp-json\/wp\/v2\/pages\/55\/revisions\/998"}],"wp:attachment":[{"href":"https:\/\/biosys.nocves.com.tr\/en\/wp-json\/wp\/v2\/media?parent=55"}],"curies":[{"name":"wp","href":"https:\/\/api.w.org\/{rel}","templated":true}]}}