{"id":63,"date":"2025-08-28T07:39:25","date_gmt":"2025-08-28T04:39:25","guid":{"rendered":"https:\/\/biosys.nocves.com.tr\/?page_id=63"},"modified":"2025-12-09T16:43:54","modified_gmt":"2025-12-09T13:43:54","slug":"hakkimizda","status":"publish","type":"page","link":"https:\/\/biosys.nocves.com.tr\/en\/hakkimizda\/","title":{"rendered":"About Us"},"content":{"rendered":"<section class=\"l-section wpb_row height_medium\"><div class=\"l-section-h i-cf\"><div class=\"g-cols vc_row via_grid cols_2 laptops-cols_inherit tablets-cols_inherit mobiles-cols_1 valign_top type_default reversed stacking_default\"><div class=\"wpb_column vc_column_container\"><div class=\"vc_column-inner\"><h2 class=\"w-text\"><span class=\"w-text-h\"><span class=\"w-text-value\">From an Idea to Global Production<\/span><\/span><\/h2><div class=\"wpb_text_column\"><div class=\"wpb_wrapper\"><p><span>Biosys olarak, sa\u011fl\u0131k profesyonellerine yenilik\u00e7i ve y\u00fcksek performansl\u0131 \u00e7\u00f6z\u00fcmler sunma misyonuyla yola \u00e7\u0131kt\u0131k. 2011&#8217;de zorlu bir klinik ihtiyac\u0131 \u00e7\u00f6zme fikriyle ba\u015flayan AR-GE yolculu\u011fumuz, bug\u00fcn Batman&#8217;daki modern \u00fcretim tesislerimizde hayat bulan, uluslararas\u0131 sertifikal\u0131 solunum teknolojilerine d\u00f6n\u00fc\u015ft\u00fc.\u00a0<\/span><\/p>\n<\/div><\/div><\/div><\/div><div class=\"wpb_column vc_column_container\"><div class=\"vc_column-inner\"><div class=\"w-html\"><iframe loading=\"lazy\" width=\"560\" height=\"315\" style=\"border-radius:1rem;\" src=\"https:\/\/www.youtube.com\/embed\/UwpdqdJSMpA?si=5Rc88vVCAyIf-VKr\" title=\"YouTube video player\" frameborder=\"0\" allow=\"accelerometer; autoplay; clipboard-write; encrypted-media; gyroscope; picture-in-picture; web-share\" referrerpolicy=\"strict-origin-when-cross-origin\" allowfullscreen><\/iframe><\/div><\/div><\/div><\/div><\/div><\/section><section class=\"l-section wpb_row height_small\"><div class=\"l-section-h i-cf\"><div class=\"g-cols vc_row via_grid cols_3 laptops-cols_inherit tablets-cols_inherit mobiles-cols_1 valign_top type_default stacking_default\" style=\"--columns-gap:1rem;--laptops-columns-gap:1rem;--tablets-columns-gap:1rem;--mobiles-columns-gap:2.2rem;\"><div class=\"wpb_column vc_column_container\"><div class=\"vc_column-inner\"><div class=\"w-iconbox us_custom_3f4bfcf8 iconpos_left style_default color_primary align_left\"><div class=\"w-iconbox-icon\" style=\"font-size:4rem;\"><i class=\"far fa-microchip\"><\/i><\/div><div class=\"w-iconbox-meta\"><h4 class=\"w-iconbox-title\" style=\"font-size:1.4rem;\">Advanced Technology<\/h4><div class=\"w-iconbox-text\"><p>We develop next-generation medical technologies for global needs.<\/p>\n<\/div><\/div><\/div><\/div><\/div><div class=\"wpb_column vc_column_container us_custom_404a3a43\"><div class=\"vc_column-inner\"><div class=\"w-iconbox us_custom_3f4bfcf8 iconpos_left style_default color_primary align_left\"><div class=\"w-iconbox-icon\" style=\"font-size:4rem;\"><i class=\"far fa-drafting-compass\"><\/i><\/div><div class=\"w-iconbox-meta\"><h4 class=\"w-iconbox-title\" style=\"font-size:1.4rem;\">Detailed Studies<\/h4><div class=\"w-iconbox-text\"><p>We make meticulous and in-depth studies for every detail of our products.<\/p>\n<\/div><\/div><\/div><\/div><\/div><div class=\"wpb_column vc_column_container\"><div class=\"vc_column-inner\"><div class=\"w-iconbox us_custom_3f4bfcf8 iconpos_left style_default color_primary align_left\"><div class=\"w-iconbox-icon\" style=\"font-size:4rem;\"><i class=\"far fa-shield-alt\"><\/i><\/div><div class=\"w-iconbox-meta\"><h4 class=\"w-iconbox-title\" style=\"font-size:1.4rem;\">Safe Production<\/h4><div class=\"w-iconbox-text\"><p><span>We produce medical solutions with our effective and safe production approach.<\/span><\/p>\n<\/div><\/div><\/div><\/div><\/div><\/div><\/div><\/section><section class=\"l-section wpb_row us_custom_008c5fe6 height_medium\"><div class=\"l-section-h i-cf\"><div class=\"g-cols vc_row via_grid cols_1 laptops-cols_inherit tablets-cols_inherit mobiles-cols_1 valign_top type_default stacking_default\"><div class=\"wpb_column vc_column_container\"><div class=\"vc_column-inner\"><div class=\"w-grid us_post_list type_grid layout_122 cols_1 preload_style_spinner\" id=\"us_post_list_y3d9\" style=\"--columns:1;--gap:1rem;\" data-filterable=\"true\"><style>.layout_122 .w-grid-item-h{}.layout_122 .usg_post_custom_field_1{color:var(--color-header-middle-text)!important;font-size:1.3rem!important;font-weight:700!important}.layout_122 .usg_post_title_1{font-size:1.1rem!important;font-weight:400!important;border-radius:0.4rem!important;padding:0.3rem 2rem 0.3rem 2rem!important;border:1px solid var(--color-content-faded)!important}.layout_122 .usg_vwrapper_2{padding-top:0.3rem!important}.layout_122 .usg_post_image_1{width:15%!important;border-radius:0.6rem!important}@media (min-width:1025px) and (max-width:1380px){.layout_122 .usg_post_image_1{width:15%!important}}@media (min-width:601px) and (max-width:1024px){.layout_122 .usg_post_image_1{width:20%!important}}@media (max-width:600px){.layout_122 .usg_post_image_1{width:50%!important}}<\/style><div class=\"w-grid-list\">\t<article class=\"w-grid-item size_1x1 post-118 zaman-cizelgesi type-zaman-cizelgesi status-publish hentry\" data-id=\"118\">\r\n\t\t<div class=\"w-grid-item-h\">\r\n\t\t\t\t\t\t<div class=\"w-vwrapper usg_vwrapper_1 align_none valign_top\"><div class=\"w-hwrapper usg_hwrapper_2 align_none valign_top\"><h2 class=\"w-post-elm post_title usg_post_title_1 entry-title color_link_inherit\">2011<\/h2><\/div><div class=\"w-hwrapper usg_hwrapper_1 align_none valign_top stack_on_mobiles\"><div class=\"w-vwrapper usg_vwrapper_2 align_none valign_top\"><h2 class=\"w-post-elm post_custom_field usg_post_custom_field_1 has_text_color type_text baslik color_link_inherit\"><span class=\"w-post-elm-value\">First Ventilator Idea<\/span><\/h2><div class=\"w-post-elm post_content usg_post_content_1\"><p><span>Our founder, Cemal Erdo\u011fan, with a visionary approach, introduced Turkey's first intensive care type mechanical ventilator, Biyovent, and initiated conceptual design studies.<\/span><\/p>\n<\/div><\/div><\/div><\/div>\t\t<\/div>\r\n\t\t\t<\/article>\r\n\t<article class=\"w-grid-item size_1x1 post-121 zaman-cizelgesi type-zaman-cizelgesi status-publish hentry\" data-id=\"121\">\r\n\t\t<div class=\"w-grid-item-h\">\r\n\t\t\t\t\t\t<div class=\"w-vwrapper usg_vwrapper_1 align_none valign_top\"><div class=\"w-hwrapper usg_hwrapper_2 align_none valign_top\"><h2 class=\"w-post-elm post_title usg_post_title_1 entry-title color_link_inherit\">2012<\/h2><\/div><div class=\"w-hwrapper usg_hwrapper_1 align_none valign_top stack_on_mobiles\"><div class=\"w-vwrapper usg_vwrapper_2 align_none valign_top\"><h2 class=\"w-post-elm post_custom_field usg_post_custom_field_1 has_text_color type_text baslik color_link_inherit\"><span class=\"w-post-elm-value\">Founding of Biosys<\/span><\/h2><div class=\"w-post-elm post_content usg_post_content_1\"><p><span>Biosys was founded by our team, which consists of specialist doctors and engineers. We officially commenced our innovation journey after receiving Technopreneurship Capital Support (TGSD).<\/span><\/p>\n<\/div><\/div><\/div><\/div>\t\t<\/div>\r\n\t\t\t<\/article>\r\n\t<article class=\"w-grid-item size_1x1 post-674 zaman-cizelgesi type-zaman-cizelgesi status-publish hentry\" data-id=\"674\">\r\n\t\t<div class=\"w-grid-item-h\">\r\n\t\t\t\t\t\t<div class=\"w-vwrapper usg_vwrapper_1 align_none valign_top\"><div class=\"w-hwrapper usg_hwrapper_2 align_none valign_top\"><h2 class=\"w-post-elm post_title usg_post_title_1 entry-title color_link_inherit\">2013<\/h2><\/div><div class=\"w-hwrapper usg_hwrapper_1 align_none valign_top stack_on_mobiles\"><div class=\"w-vwrapper usg_vwrapper_2 align_none valign_top\"><h2 class=\"w-post-elm post_custom_field usg_post_custom_field_1 has_text_color type_text baslik color_link_inherit\"><span class=\"w-post-elm-value\">First Prototype: Biyovent Version 1.0<\/span><\/h2><div class=\"w-post-elm post_content usg_post_content_1\"><p><span>The first prototype of Biyovent, which combined engineering precision with clinical principles, was successfully completed.<\/span><\/p>\n<\/div><\/div><\/div><\/div>\t\t<\/div>\r\n\t\t\t<\/article>\r\n\t<article class=\"w-grid-item size_1x1 post-844 zaman-cizelgesi type-zaman-cizelgesi status-publish hentry\" data-id=\"844\">\r\n\t\t<div class=\"w-grid-item-h\">\r\n\t\t\t\t\t\t<div class=\"w-vwrapper usg_vwrapper_1 align_none valign_top\"><div class=\"w-hwrapper usg_hwrapper_2 align_none valign_top\"><h2 class=\"w-post-elm post_title usg_post_title_1 entry-title color_link_inherit\">2014<\/h2><\/div><div class=\"w-hwrapper usg_hwrapper_1 align_none valign_top stack_on_mobiles\"><div class=\"w-vwrapper usg_vwrapper_2 align_none valign_top\"><h2 class=\"w-post-elm post_custom_field usg_post_custom_field_1 has_text_color type_text baslik color_link_inherit\"><span class=\"w-post-elm-value\">R&amp;D Investment<\/span><\/h2><div class=\"w-post-elm post_content usg_post_content_1\"><p><span>We received support from KOSGEB for our R&amp;D studies focused on Biyovent. Driven by our commitment to developing innovative technologies aligned with market needs, we accelerated efforts to prepare the Biovent Version 2.0 release.<\/span><\/p>\n<\/div><\/div><\/div><\/div>\t\t<\/div>\r\n\t\t\t<\/article>\r\n\t<article class=\"w-grid-item size_1x1 post-846 zaman-cizelgesi type-zaman-cizelgesi status-publish hentry\" data-id=\"846\">\r\n\t\t<div class=\"w-grid-item-h\">\r\n\t\t\t\t\t\t<div class=\"w-vwrapper usg_vwrapper_1 align_none valign_top\"><div class=\"w-hwrapper usg_hwrapper_2 align_none valign_top\"><h2 class=\"w-post-elm post_title usg_post_title_1 entry-title color_link_inherit\">2015<\/h2><\/div><div class=\"w-hwrapper usg_hwrapper_1 align_none valign_top stack_on_mobiles\"><div class=\"w-vwrapper usg_vwrapper_2 align_none valign_top\"><h2 class=\"w-post-elm post_custom_field usg_post_custom_field_1 has_text_color type_text baslik color_link_inherit\"><span class=\"w-post-elm-value\">Biyovent 2.0<\/span><\/h2><div class=\"w-post-elm post_content usg_post_content_1\"><p class=\"translation-block\">The improved 2.0 version of Biyovent was made available for use by the healthcare sector. As a step in our corporate growth, our new office in Bilkent Cyberpark became operational.<\/p>\n<\/div><\/div><\/div><\/div>\t\t<\/div>\r\n\t\t\t<\/article>\r\n\t<article class=\"w-grid-item size_1x1 post-847 zaman-cizelgesi type-zaman-cizelgesi status-publish hentry\" data-id=\"847\">\r\n\t\t<div class=\"w-grid-item-h\">\r\n\t\t\t\t\t\t<div class=\"w-vwrapper usg_vwrapper_1 align_none valign_top\"><div class=\"w-hwrapper usg_hwrapper_2 align_none valign_top\"><h2 class=\"w-post-elm post_title usg_post_title_1 entry-title color_link_inherit\">2016<\/h2><\/div><div class=\"w-hwrapper usg_hwrapper_1 align_none valign_top stack_on_mobiles\"><div class=\"w-vwrapper usg_vwrapper_2 align_none valign_top\"><h2 class=\"w-post-elm post_custom_field usg_post_custom_field_1 has_text_color type_text baslik color_link_inherit\"><span class=\"w-post-elm-value\">T\u00dcB\u0130TAK Support<\/span><\/h2><div class=\"w-post-elm post_content usg_post_content_1\"><p class=\"translation-block\">Our Biyovent project was approved and supported by T\u00dcB\u0130TAK. Empowered by this support, our team initiated the development process for Biovent Version 3.0, which will advance our ventilation technology.<\/p>\n<\/div><\/div><\/div><\/div>\t\t<\/div>\r\n\t\t\t<\/article>\r\n\t<article class=\"w-grid-item size_1x1 post-848 zaman-cizelgesi type-zaman-cizelgesi status-publish hentry\" data-id=\"848\">\r\n\t\t<div class=\"w-grid-item-h\">\r\n\t\t\t\t\t\t<div class=\"w-vwrapper usg_vwrapper_1 align_none valign_top\"><div class=\"w-hwrapper usg_hwrapper_2 align_none valign_top\"><h2 class=\"w-post-elm post_title usg_post_title_1 entry-title color_link_inherit\">2017<\/h2><\/div><div class=\"w-hwrapper usg_hwrapper_1 align_none valign_top stack_on_mobiles\"><div class=\"w-vwrapper usg_vwrapper_2 align_none valign_top\"><h2 class=\"w-post-elm post_custom_field usg_post_custom_field_1 has_text_color type_text baslik color_link_inherit\"><span class=\"w-post-elm-value\">Biyovent 3.0 and CE Certificate<\/span><\/h2><div class=\"w-post-elm post_content usg_post_content_1\"><p class=\"translation-block\">Biyovent 3.0, developed in light of clinical trials and feedback from the field, was released. We reached a major milestone as our device met the highest international standards by receiving CE certification.<\/p>\n<\/div><\/div><\/div><\/div>\t\t<\/div>\r\n\t\t\t<\/article>\r\n\t<article class=\"w-grid-item size_1x1 post-849 zaman-cizelgesi type-zaman-cizelgesi status-publish hentry\" data-id=\"849\">\r\n\t\t<div class=\"w-grid-item-h\">\r\n\t\t\t\t\t\t<div class=\"w-vwrapper usg_vwrapper_1 align_none valign_top\"><div class=\"w-hwrapper usg_hwrapper_2 align_none valign_top\"><h2 class=\"w-post-elm post_title usg_post_title_1 entry-title color_link_inherit\">2018<\/h2><\/div><div class=\"w-hwrapper usg_hwrapper_1 align_none valign_top stack_on_mobiles\"><div class=\"w-vwrapper usg_vwrapper_2 align_none valign_top\"><h2 class=\"w-post-elm post_custom_field usg_post_custom_field_1 has_text_color type_text baslik color_link_inherit\"><span class=\"w-post-elm-value\">Market Entry and Export<\/span><\/h2><div class=\"w-post-elm post_content usg_post_content_1\"><p class=\"translation-block\">We received our first local order for Biyovent, and during this period, we opened up to the global market by realizing our first successful export. Concurrently, we initiated R&amp;D studies for OBOGS and portable respiratory devices.<\/p>\n<\/div><\/div><\/div><\/div>\t\t<\/div>\r\n\t\t\t<\/article>\r\n\t<article class=\"w-grid-item size_1x1 post-850 zaman-cizelgesi type-zaman-cizelgesi status-publish hentry\" data-id=\"850\">\r\n\t\t<div class=\"w-grid-item-h\">\r\n\t\t\t\t\t\t<div class=\"w-vwrapper usg_vwrapper_1 align_none valign_top\"><div class=\"w-hwrapper usg_hwrapper_2 align_none valign_top\"><h2 class=\"w-post-elm post_title usg_post_title_1 entry-title color_link_inherit\">2019<\/h2><\/div><div class=\"w-hwrapper usg_hwrapper_1 align_none valign_top stack_on_mobiles\"><div class=\"w-vwrapper usg_vwrapper_2 align_none valign_top\"><h2 class=\"w-post-elm post_custom_field usg_post_custom_field_1 has_text_color type_text baslik color_link_inherit\"><span class=\"w-post-elm-value\">Product Line Expansion<\/span><\/h2><div class=\"w-post-elm post_content usg_post_content_1\"><p class=\"translation-block\">Our R&amp;D team moved beyond respiratory devices and introduced the idea of developing the Neuromonitor device, which is used in surgical operations. In the same year, we took the first R&amp;D steps for endoscopic capsule technology.<\/p>\n<\/div><\/div><\/div><\/div>\t\t<\/div>\r\n\t\t\t<\/article>\r\n\t<article class=\"w-grid-item size_1x1 post-851 zaman-cizelgesi type-zaman-cizelgesi status-publish hentry\" data-id=\"851\">\r\n\t\t<div class=\"w-grid-item-h\">\r\n\t\t\t\t\t\t<div class=\"w-vwrapper usg_vwrapper_1 align_none valign_top\"><div class=\"w-hwrapper usg_hwrapper_2 align_none valign_top\"><h2 class=\"w-post-elm post_title usg_post_title_1 entry-title color_link_inherit\">2020<\/h2><\/div><div class=\"w-hwrapper usg_hwrapper_1 align_none valign_top stack_on_mobiles\"><div class=\"w-vwrapper usg_vwrapper_2 align_none valign_top\"><h2 class=\"w-post-elm post_custom_field usg_post_custom_field_1 has_text_color type_text baslik color_link_inherit\"><span class=\"w-post-elm-value\">Strategic Partnerships and New Products<\/span><\/h2><div class=\"w-post-elm post_content usg_post_content_1\"><p class=\"translation-block\">The mass production of Biyovent 3.0 was strengthened through strategic partnerships with key stakeholders such as Ar\u00e7elik, Aselsan, and Baykar. We also initiated development efforts for humidifier and High-Flow Oxygen (HFO) devices. We relocated to our new address at the METU Technokent office.<\/p>\n<\/div><\/div><\/div><\/div>\t\t<\/div>\r\n\t\t\t<\/article>\r\n\t<article class=\"w-grid-item size_1x1 post-852 zaman-cizelgesi type-zaman-cizelgesi status-publish hentry\" data-id=\"852\">\r\n\t\t<div class=\"w-grid-item-h\">\r\n\t\t\t\t\t\t<div class=\"w-vwrapper usg_vwrapper_1 align_none valign_top\"><div class=\"w-hwrapper usg_hwrapper_2 align_none valign_top\"><h2 class=\"w-post-elm post_title usg_post_title_1 entry-title color_link_inherit\">2021<\/h2><\/div><div class=\"w-hwrapper usg_hwrapper_1 align_none valign_top stack_on_mobiles\"><div class=\"w-vwrapper usg_vwrapper_2 align_none valign_top\"><h2 class=\"w-post-elm post_custom_field usg_post_custom_field_1 has_text_color type_text baslik color_link_inherit\"><span class=\"w-post-elm-value\">CE Approvals and Transition to Mass Production<\/span><\/h2><div class=\"w-post-elm post_content usg_post_content_1\"><p class=\"translation-block\">The developed Humidifier, Neuromonitor, and High-Flow Oxygen (HFO) devices received their CE certifications. Concurrently, we reinforced our commitment to providing innovative and certified medical solutions by beginning the mass production of our Bio2Flow device.<\/p>\n<\/div><\/div><\/div><\/div>\t\t<\/div>\r\n\t\t\t<\/article>\r\n\t<article class=\"w-grid-item size_1x1 post-853 zaman-cizelgesi type-zaman-cizelgesi status-publish hentry\" data-id=\"853\">\r\n\t\t<div class=\"w-grid-item-h\">\r\n\t\t\t\t\t\t<div class=\"w-vwrapper usg_vwrapper_1 align_none valign_top\"><div class=\"w-hwrapper usg_hwrapper_2 align_none valign_top\"><h2 class=\"w-post-elm post_title usg_post_title_1 entry-title color_link_inherit\">2022<\/h2><\/div><div class=\"w-hwrapper usg_hwrapper_1 align_none valign_top stack_on_mobiles\"><div class=\"w-vwrapper usg_vwrapper_2 align_none valign_top\"><h2 class=\"w-post-elm post_custom_field usg_post_custom_field_1 has_text_color type_text baslik color_link_inherit\"><span class=\"w-post-elm-value\">Industrial Growth<\/span><\/h2><div class=\"w-post-elm post_content usg_post_content_1\"><p><span>In line with our goal of corporate expansion and increasing our production capacity, we held the groundbreaking ceremony for our factory to be established in Batman. This step demonstrated our commitment to contributing to the regional economy.<\/span><\/p>\n<\/div><\/div><\/div><\/div>\t\t<\/div>\r\n\t\t\t<\/article>\r\n\t<article class=\"w-grid-item size_1x1 post-854 zaman-cizelgesi type-zaman-cizelgesi status-publish hentry\" data-id=\"854\">\r\n\t\t<div class=\"w-grid-item-h\">\r\n\t\t\t\t\t\t<div class=\"w-vwrapper usg_vwrapper_1 align_none valign_top\"><div class=\"w-hwrapper usg_hwrapper_2 align_none valign_top\"><h2 class=\"w-post-elm post_title usg_post_title_1 entry-title color_link_inherit\">2023<\/h2><\/div><div class=\"w-hwrapper usg_hwrapper_1 align_none valign_top stack_on_mobiles\"><div class=\"w-vwrapper usg_vwrapper_2 align_none valign_top\"><h2 class=\"w-post-elm post_custom_field usg_post_custom_field_1 has_text_color type_text baslik color_link_inherit\"><span class=\"w-post-elm-value\">Mass Production of New Products<\/span><\/h2><div class=\"w-post-elm post_content usg_post_content_1\"><p class=\"translation-block\">We commenced mass production for both our Humidifier device and the Neuromonitor, achieving full capacity production across all of our main product groups.<\/p>\n<\/div><\/div><\/div><\/div>\t\t<\/div>\r\n\t\t\t<\/article>\r\n\t<article class=\"w-grid-item size_1x1 post-855 zaman-cizelgesi type-zaman-cizelgesi status-publish hentry\" data-id=\"855\">\r\n\t\t<div class=\"w-grid-item-h\">\r\n\t\t\t\t\t\t<div class=\"w-vwrapper usg_vwrapper_1 align_none valign_top\"><div class=\"w-hwrapper usg_hwrapper_2 align_none valign_top\"><h2 class=\"w-post-elm post_title usg_post_title_1 entry-title color_link_inherit\">2024<\/h2><\/div><div class=\"w-hwrapper usg_hwrapper_1 align_none valign_top stack_on_mobiles\"><div class=\"w-vwrapper usg_vwrapper_2 align_none valign_top\"><h2 class=\"w-post-elm post_custom_field usg_post_custom_field_1 has_text_color type_text baslik color_link_inherit\"><span class=\"w-post-elm-value\">Grand Opening of Production Facility<\/span><\/h2><div class=\"w-post-elm post_content usg_post_content_1\"><p class=\"translation-block\">The construction of our modern factory in the Batman Organized Industrial Zone has been completed, and the facility has officially opened. This plant boasts 8 thousand square meters of indoor space, represents an investment value of 150 million Turkish Lira, and has a monthly production capacity of 1,200 devices. The facility symbolizes our commitment to the future by providing employment for 100 people.<\/p>\n<\/div><\/div><\/div><\/div>\t\t<\/div>\r\n\t\t\t<\/article>\r\n<\/div><div class=\"g-loadmore hidden\"><div class=\"g-preloader type_1\"><div><\/div><\/div><\/div><div class=\"w-grid-list-json hidden\" onclick='return {&quot;max_num_pages&quot;:0,&quot;pagination&quot;:&quot;none&quot;,&quot;paged&quot;:1,&quot;ajaxData&quot;:{&quot;_nonce&quot;:&quot;12a5bd253b&quot;,&quot;action&quot;:&quot;us_ajax_post_list&quot;,&quot;meta_type&quot;:&quot;post&quot;,&quot;object_id&quot;:0,&quot;template_vars&quot;:{&quot;paged&quot;:1,&quot;max_num_pages&quot;:0,&quot;no_results&quot;:false,&quot;source&quot;:&quot;all&quot;,&quot;custom_field_name&quot;:&quot;&quot;,&quot;ids&quot;:&quot;&quot;,&quot;post_type&quot;:&quot;zaman-cizelgesi&quot;,&quot;attachment_ids&quot;:null,&quot;include_post_thumbnail&quot;:0,&quot;post_author&quot;:&quot;any&quot;,&quot;post_author_ids&quot;:&quot;&quot;,&quot;apply_url_params&quot;:0,&quot;exclude_children&quot;:0,&quot;exclude_current_post&quot;:&quot;0&quot;,&quot;exclude_prev_posts&quot;:0,&quot;enable_items_offset&quot;:0,&quot;items_offset&quot;:&quot;1&quot;,&quot;tax_query_relation&quot;:&quot;none&quot;,&quot;tax_query&quot;:[{&quot;operator&quot;:&quot;IN&quot;,&quot;taxonomy&quot;:&quot;category&quot;,&quot;terms&quot;:&quot;&quot;,&quot;include_children&quot;:0}],&quot;meta_query_relation&quot;:&quot;none&quot;,&quot;meta_query&quot;:[{&quot;key&quot;:&quot;custom_field_name&quot;,&quot;compare&quot;:&quot;=&quot;,&quot;value&quot;:&quot;&quot;}],&quot;orderby&quot;:&quot;date&quot;,&quot;orderby_custom_field&quot;:&quot;&quot;,&quot;orderby_custom_type&quot;:0,&quot;order_invert&quot;:0,&quot;show_all&quot;:&quot;1&quot;,&quot;quantity&quot;:&quot;12&quot;,&quot;no_items_action&quot;:&quot;message&quot;,&quot;no_items_message&quot;:&quot;No results found.&quot;,&quot;no_items_page_block&quot;:&quot;&quot;,&quot;pagination&quot;:&quot;none&quot;,&quot;pagination_style&quot;:&quot;&quot;,&quot;pagination_btn_text&quot;:&quot;Load More&quot;,&quot;pagination_btn_size&quot;:&quot;&quot;,&quot;pagination_btn_style&quot;:&quot;1&quot;,&quot;pagination_btn_fullwidth&quot;:0,&quot;items_layout&quot;:&quot;122&quot;,&quot;type&quot;:&quot;grid&quot;,&quot;items_valign&quot;:0,&quot;ignore_items_size&quot;:0,&quot;columns&quot;:&quot;1&quot;,&quot;items_gap&quot;:&quot;1rem&quot;,&quot;load_animation&quot;:&quot;none&quot;,&quot;items_preload_style&quot;:&quot;spinner&quot;,&quot;img_size&quot;:&quot;default&quot;,&quot;title_size&quot;:&quot;&quot;,&quot;items_ratio&quot;:&quot;default&quot;,&quot;items_ratio_width&quot;:&quot;21&quot;,&quot;items_ratio_height&quot;:&quot;9&quot;,&quot;overriding_link&quot;:&quot;%7B%22url%22%3A%22%22%7D&quot;,&quot;popup_width&quot;:&quot;&quot;,&quot;popup_arrows&quot;:1,&quot;breakpoint_1_width&quot;:&quot;1381px&quot;,&quot;breakpoint_1_cols&quot;:&quot;default&quot;,&quot;breakpoint_1_quantity&quot;:&quot;&quot;,&quot;breakpoint_1_gap&quot;:&quot;&quot;,&quot;breakpoint_2_width&quot;:&quot;1025px&quot;,&quot;breakpoint_2_cols&quot;:&quot;1&quot;,&quot;breakpoint_2_quantity&quot;:&quot;&quot;,&quot;breakpoint_2_gap&quot;:&quot;&quot;,&quot;breakpoint_3_width&quot;:&quot;601px&quot;,&quot;breakpoint_3_cols&quot;:&quot;1&quot;,&quot;breakpoint_3_quantity&quot;:&quot;&quot;,&quot;breakpoint_3_gap&quot;:&quot;&quot;,&quot;conditions_operator&quot;:&quot;always&quot;,&quot;conditions&quot;:[],&quot;css&quot;:null,&quot;el_class&quot;:&quot;&quot;,&quot;el_id&quot;:&quot;&quot;,&quot;enable_custom_html_atts&quot;:0,&quot;custom_html_atts&quot;:null,&quot;hide_on_states&quot;:&quot;&quot;,&quot;hide_for_sticky&quot;:0,&quot;hide_for_not_sticky&quot;:0,&quot;hide_below&quot;:&quot;0px&quot;,&quot;hide_above&quot;:&quot;0px&quot;,&quot;classes&quot;:&quot;&quot;}},&quot;facetedFilter&quot;:[]}'><\/div><\/div><\/div><\/div><\/div><\/div><\/section>","protected":false},"excerpt":{"rendered":"Batman Organize Sanayi B\u00f6lgesi\u2019nde in\u015faat\u0131 tamamlanan; 8 bin metrekare kapal\u0131 alana, 150 milyon lira yat\u0131r\u0131m de\u011ferine ve ayda 1.200 cihaz \u00fcretim kapasitesine sahip modern fabrikam\u0131z resmen a\u00e7\u0131ld\u0131. Bu tesis, 100 ki\u015fiye istihdam sa\u011flayarak gelece\u011fe y\u00f6nelik taahh\u00fcd\u00fcm\u00fcz\u00fc simgelemektedir.","protected":false},"author":1,"featured_media":0,"parent":0,"menu_order":0,"comment_status":"closed","ping_status":"closed","template":"","meta":{"_acf_changed":false,"footnotes":""},"class_list":["post-63","page","type-page","status-publish","hentry"],"acf":[],"_links":{"self":[{"href":"https:\/\/biosys.nocves.com.tr\/en\/wp-json\/wp\/v2\/pages\/63","targetHints":{"allow":["GET"]}}],"collection":[{"href":"https:\/\/biosys.nocves.com.tr\/en\/wp-json\/wp\/v2\/pages"}],"about":[{"href":"https:\/\/biosys.nocves.com.tr\/en\/wp-json\/wp\/v2\/types\/page"}],"author":[{"embeddable":true,"href":"https:\/\/biosys.nocves.com.tr\/en\/wp-json\/wp\/v2\/users\/1"}],"replies":[{"embeddable":true,"href":"https:\/\/biosys.nocves.com.tr\/en\/wp-json\/wp\/v2\/comments?post=63"}],"version-history":[{"count":29,"href":"https:\/\/biosys.nocves.com.tr\/en\/wp-json\/wp\/v2\/pages\/63\/revisions"}],"predecessor-version":[{"id":937,"href":"https:\/\/biosys.nocves.com.tr\/en\/wp-json\/wp\/v2\/pages\/63\/revisions\/937"}],"wp:attachment":[{"href":"https:\/\/biosys.nocves.com.tr\/en\/wp-json\/wp\/v2\/media?parent=63"}],"curies":[{"name":"wp","href":"https:\/\/api.w.org\/{rel}","templated":true}]}}